{"id":5889,"date":"2026-04-04T09:14:21","date_gmt":"2026-04-04T08:14:21","guid":{"rendered":"https:\/\/sartoriatelier.com\/"},"modified":"2026-04-04T09:40:28","modified_gmt":"2026-04-04T08:40:28","slug":"maia-bralette-electric-blue-sheer-mesh","status":"publish","type":"product","link":"https:\/\/sartoriatelier.com\/es\/shop\/lenceria\/bralette\/maia-bralette-electric-blue-sheer-mesh\/","title":{"rendered":"Maia bralette en tul el\u00e1stico azul el\u00e9ctrico"},"content":{"rendered":"<p data-start=\"1951\" data-end=\"2173\">Maia no es solo tu bralette de uso diario \u2014 es seducci\u00f3n sutil.<br data-start=\"2025\" data-end=\"2028\" \/>Hecho en tul el\u00e1stico transparente que se siente como una segunda piel, combina un dise\u00f1o minimalista con confianza discreta y un toque de picard\u00eda.<\/p>\n<p data-start=\"1951\" data-end=\"2173\">Disponible en <strong data-start=\"180\" data-end=\"203\">negro atemporal<\/strong> un b\u00e1sico cl\u00e1sico, o en <strong data-start=\"229\" data-end=\"251\">azul el\u00e9ctrico<\/strong> para un toque original y divertido \u2014 sea cual sea tu elecci\u00f3n, Maia te hace sentir \u00fanica.<\/p>\n<p data-start=\"1951\" data-end=\"2173\">El tul el\u00e1stico azul es parte de la Limited Edition, es una tela de deadstock proveniente de una f\u00e1brica de Barcelona y hay una cantidad limitada.<\/p>\n<p data-start=\"2175\" data-end=\"2357\">El corte frontal ofrece un gui\u00f1o geom\u00e9trico, mientras que seis delicadas tiras se unen en un cierre circular en la espalda \u2014 un detalle que convierte la simplicidad en arte.<\/p>\n<p data-start=\"2598\" data-end=\"2694\">Hecho a mano en Barcelona \u2014 lencer\u00eda artesanal que se siente personal, moderna y hecha para ti.<\/p>","protected":false},"excerpt":{"rendered":"<p data-start=\"1713\" data-end=\"1742\"><strong>Es un b\u00e1sico \u2014 pero diferente.<\/strong><\/p>\n<p data-start=\"1773\" data-end=\"1921\">Redefine lo b\u00e1sico. Suave, ligero y sutilmente atrevido, con un cut-out delantero y una espalda espectacular de tirantes.<\/p>\n<p><!-- notionvc: 91410e49-d126-4175-adf5-113b38628adc --><\/p>\n<p><!-- notionvc: 9e60e8a5-f48f-42ea-a14a-4923e7e2da3c --><\/p>","protected":false},"featured_media":5674,"comment_status":"open","ping_status":"closed","template":"","meta":{"_joinchat":[]},"product_brand":[],"product_cat":[112],"product_tag":[202,221,174,175,180],"class_list":{"0":"post-5889","1":"product","2":"type-product","3":"status-publish","4":"has-post-thumbnail","6":"product_cat-bralette","7":"product_tag-electric-blue","8":"product_tag-limited-edition","9":"product_tag-second-skin","10":"product_tag-sheer","11":"product_tag-soft","13":"first","14":"instock","15":"taxable","16":"shipping-taxable","17":"purchasable","18":"product-type-simple"},"aioseo_notices":[],"_links":{"self":[{"href":"https:\/\/sartoriatelier.com\/es\/wp-json\/wp\/v2\/product\/5889","targetHints":{"allow":["GET"]}}],"collection":[{"href":"https:\/\/sartoriatelier.com\/es\/wp-json\/wp\/v2\/product"}],"about":[{"href":"https:\/\/sartoriatelier.com\/es\/wp-json\/wp\/v2\/types\/product"}],"replies":[{"embeddable":true,"href":"https:\/\/sartoriatelier.com\/es\/wp-json\/wp\/v2\/comments?post=5889"}],"wp:featuredmedia":[{"embeddable":true,"href":"https:\/\/sartoriatelier.com\/es\/wp-json\/wp\/v2\/media\/5674"}],"wp:attachment":[{"href":"https:\/\/sartoriatelier.com\/es\/wp-json\/wp\/v2\/media?parent=5889"}],"wp:term":[{"taxonomy":"product_brand","embeddable":true,"href":"https:\/\/sartoriatelier.com\/es\/wp-json\/wp\/v2\/product_brand?post=5889"},{"taxonomy":"product_cat","embeddable":true,"href":"https:\/\/sartoriatelier.com\/es\/wp-json\/wp\/v2\/product_cat?post=5889"},{"taxonomy":"product_tag","embeddable":true,"href":"https:\/\/sartoriatelier.com\/es\/wp-json\/wp\/v2\/product_tag?post=5889"}],"curies":[{"name":"wp","href":"https:\/\/api.w.org\/{rel}","templated":true}]}}