{"id":5755,"date":"2025-10-25T11:16:16","date_gmt":"2025-10-25T10:16:16","guid":{"rendered":"https:\/\/sartoriatelier.com\/?post_type=product&#038;p=5755"},"modified":"2026-03-04T10:43:23","modified_gmt":"2026-03-04T09:43:23","slug":"voila-bralette-white-broderie","status":"publish","type":"product","link":"https:\/\/sartoriatelier.com\/es\/shop\/lenceria\/bralette\/voila-bralette-white-broderie\/","title":{"rendered":"Voil\u00e0 Bralette \u2013 Broderie Ingl\u00e9s Blanco"},"content":{"rendered":"<p data-start=\"388\" data-end=\"740\">El Voil\u00e1 Bralette es delicadeza y sensualidad \u2014 confeccionado en un tejido el\u00e1stico blanco que evoca el encanto atemporal del broderie anglaise. Ligero y suave, envuelve el cuerpo con gracia e intenci\u00f3n. Dise\u00f1ado para la libertad, el deseo y el placer silencioso de vestirse con prop\u00f3sito.<\/p>\n<p data-start=\"742\" data-end=\"1005\">Su corte minimalista y su textura refinada crean un equilibrio perfecto entre la inocencia y la seducci\u00f3n. El cierre frontal se abre para revelar un delicado arn\u00e9s interior con una sutil goma el\u00e1stica decorativa que enmarca suavemente el busto, mientras que la espalda abierta y los tirantes ajustables garantizan comodidad y un ajuste perfecto.<\/p>\n<p data-start=\"1007\" data-end=\"1287\">Esta <strong data-start=\"1054\" data-end=\"1081\">edici\u00f3n limitada<\/strong> del Voil\u00e1 Bralette se elabora por encargo en mi atelier de Barcelona, utilizando un <strong data-start=\"1161\" data-end=\"1189\">tejido deadstock<\/strong> limitado, obtenido en peque\u00f1as cantidades. Una vez se agote la tela, no podr\u00e1n producirse m\u00e1s piezas \u2014 lo que convierte cada creaci\u00f3n en algo verdaderamente \u00fanico.<\/p>\n<p data-start=\"1289\" data-end=\"1401\">Ten en cuenta que, debido a su confecci\u00f3n artesanal bajo pedido, la producci\u00f3n puede tardar hasta <strong data-start=\"1362\" data-end=\"1382\">10 d\u00edas h\u00e1biles<\/strong> antes del env\u00edo.<\/p>\n<p data-start=\"1403\" data-end=\"1539\">Comb\u00ednalo con el <a href=\"https:\/\/sartoriatelier.com\/es\/shop\/lenceria\/braguita\/tanga-lia-broderie-blanco\/\">Tanga L\u00eda<\/a> para el look completo.<\/p>","protected":false},"excerpt":{"rendered":"<div class=\"entry-content\">\n<p><strong>Sensualidad en capas en blanco puro \u2014 delicada, pero no tan inocente<\/strong><\/p>\n<div class=\"et-pro-summary-top\">\n<div class=\"woocommerce-product-details__short-description\">\n<div class=\"entry-content\">Bralette de suave broderie ingl\u00e9s el\u00e1stico con cierre frontal, arn\u00e9s interior y espalda abierta ajustable.<\/div>\n<\/div>\n<\/div>\n<\/div>","protected":false},"featured_media":5624,"comment_status":"open","ping_status":"closed","template":"","meta":{"_joinchat":[]},"product_brand":[],"product_cat":[112],"product_tag":[178,221,180,199],"class_list":{"0":"post-5755","1":"product","2":"type-product","3":"status-publish","4":"has-post-thumbnail","6":"product_cat-bralette","7":"product_tag-adjustable","8":"product_tag-limited-edition","9":"product_tag-soft","10":"product_tag-white","12":"first","13":"onbackorder","14":"taxable","15":"shipping-taxable","16":"purchasable","17":"product-type-variable"},"aioseo_notices":[],"_links":{"self":[{"href":"https:\/\/sartoriatelier.com\/es\/wp-json\/wp\/v2\/product\/5755","targetHints":{"allow":["GET"]}}],"collection":[{"href":"https:\/\/sartoriatelier.com\/es\/wp-json\/wp\/v2\/product"}],"about":[{"href":"https:\/\/sartoriatelier.com\/es\/wp-json\/wp\/v2\/types\/product"}],"replies":[{"embeddable":true,"href":"https:\/\/sartoriatelier.com\/es\/wp-json\/wp\/v2\/comments?post=5755"}],"wp:featuredmedia":[{"embeddable":true,"href":"https:\/\/sartoriatelier.com\/es\/wp-json\/wp\/v2\/media\/5624"}],"wp:attachment":[{"href":"https:\/\/sartoriatelier.com\/es\/wp-json\/wp\/v2\/media?parent=5755"}],"wp:term":[{"taxonomy":"product_brand","embeddable":true,"href":"https:\/\/sartoriatelier.com\/es\/wp-json\/wp\/v2\/product_brand?post=5755"},{"taxonomy":"product_cat","embeddable":true,"href":"https:\/\/sartoriatelier.com\/es\/wp-json\/wp\/v2\/product_cat?post=5755"},{"taxonomy":"product_tag","embeddable":true,"href":"https:\/\/sartoriatelier.com\/es\/wp-json\/wp\/v2\/product_tag?post=5755"}],"curies":[{"name":"wp","href":"https:\/\/api.w.org\/{rel}","templated":true}]}}