{"id":5705,"date":"2025-10-19T15:45:49","date_gmt":"2025-10-19T14:45:49","guid":{"rendered":"https:\/\/sartoriatelier.com\/?post_type=product&#038;p=5705"},"modified":"2026-03-04T11:05:01","modified_gmt":"2026-03-04T10:05:01","slug":"boa-top-bralette-terciopelo","status":"publish","type":"product","link":"https:\/\/sartoriatelier.com\/es\/shop\/lenceria\/bralette\/boa-top-bralette-terciopelo\/","title":{"rendered":"Boa Top o Bralette - Terciopelo"},"content":{"rendered":"<p data-start=\"598\" data-end=\"724\">El Boa Velvet Top borra los l\u00edmites entre la lencer\u00eda y el pr\u00eat-\u00e0-porter: una pieza creada para sentirla, mostrarla y vivirla.<\/p>\n<p data-start=\"726\" data-end=\"991\">Confeccionada en terciopelo el\u00e1stico ultrasuave, se adapta al cuerpo ofreciendo soporte natural sin perder comodidad. El dise\u00f1o cruzado en el frente, crea un escote favorecedor que insin\u00faa lo justo.<\/p>\n<p data-start=\"993\" data-end=\"1129\">Sus tirantes dobles ajustables y el cierre trasero permiten adaptar el fit a tu ritmo: m\u00e1s firme para definir, m\u00e1s suelto para fluir.<\/p>\n<p data-start=\"1131\" data-end=\"1277\">Ll\u00e9valo a tu manera: como una pieza \u00edntima bajo una chaqueta o como un top sensual. Boa est\u00e1 hecho para acompa\u00f1arte, de d\u00eda o de noche.<\/p>\n<p data-start=\"1279\" data-end=\"1392\">Cada pieza est\u00e1 hecha a mano en Barcelona, dise\u00f1ada para adaptarse a tu cuerpo.<\/p>","protected":false},"excerpt":{"rendered":"<p data-start=\"627\" data-end=\"673\"><strong data-start=\"627\" data-end=\"671\">El terciopelo nunca hab\u00eda sido tan \u00edntimo<\/strong><\/p>\n<div class=\"et-pro-summary-top\">\n<div class=\"woocommerce-product-details__short-description\">\n<div class=\"entry-content\">\n<p>Top o bralette cruzado en terciopelo con escote en V profundo y tirantes ajustables en la espalda \u2014 suave, envolvente y de tacto irresistible.<\/p>\n<\/div>\n<\/div>\n<\/div>\n<p><!-- notionvc: 91410e49-d126-4175-adf5-113b38628adc --><\/p>\n<p><!-- notionvc: 9e60e8a5-f48f-42ea-a14a-4923e7e2da3c --><\/p>","protected":false},"featured_media":5650,"comment_status":"open","ping_status":"closed","template":"","meta":{"_joinchat":[]},"product_brand":[],"product_cat":[112,90],"product_tag":[178,222,183,180,179],"class_list":{"0":"post-5705","1":"product","2":"type-product","3":"status-publish","4":"has-post-thumbnail","6":"product_cat-bralette","7":"product_cat-top","8":"product_tag-adjustable","9":"product_tag-atelier-collection","10":"product_tag-black","11":"product_tag-soft","12":"product_tag-velvet","14":"first","15":"instock","16":"taxable","17":"shipping-taxable","18":"purchasable","19":"product-type-variable"},"aioseo_notices":[],"_links":{"self":[{"href":"https:\/\/sartoriatelier.com\/es\/wp-json\/wp\/v2\/product\/5705","targetHints":{"allow":["GET"]}}],"collection":[{"href":"https:\/\/sartoriatelier.com\/es\/wp-json\/wp\/v2\/product"}],"about":[{"href":"https:\/\/sartoriatelier.com\/es\/wp-json\/wp\/v2\/types\/product"}],"replies":[{"embeddable":true,"href":"https:\/\/sartoriatelier.com\/es\/wp-json\/wp\/v2\/comments?post=5705"}],"wp:featuredmedia":[{"embeddable":true,"href":"https:\/\/sartoriatelier.com\/es\/wp-json\/wp\/v2\/media\/5650"}],"wp:attachment":[{"href":"https:\/\/sartoriatelier.com\/es\/wp-json\/wp\/v2\/media?parent=5705"}],"wp:term":[{"taxonomy":"product_brand","embeddable":true,"href":"https:\/\/sartoriatelier.com\/es\/wp-json\/wp\/v2\/product_brand?post=5705"},{"taxonomy":"product_cat","embeddable":true,"href":"https:\/\/sartoriatelier.com\/es\/wp-json\/wp\/v2\/product_cat?post=5705"},{"taxonomy":"product_tag","embeddable":true,"href":"https:\/\/sartoriatelier.com\/es\/wp-json\/wp\/v2\/product_tag?post=5705"}],"curies":[{"name":"wp","href":"https:\/\/api.w.org\/{rel}","templated":true}]}}