{"id":5388,"date":"2025-10-08T23:04:10","date_gmt":"2025-10-08T22:04:10","guid":{"rendered":"https:\/\/sartoriatelier.com\/?post_type=product&#038;p=5388"},"modified":"2026-04-04T09:03:23","modified_gmt":"2026-04-04T08:03:23","slug":"tanga-lia-suave-uva-tinta","status":"publish","type":"product","link":"https:\/\/sartoriatelier.com\/es\/shop\/lenceria\/braguita\/tanga-lia-suave-uva-tinta\/","title":{"rendered":"Tanga L\u00eda - Suave Uva Tinta"},"content":{"rendered":"<p data-start=\"692\" data-end=\"879\">La braguita Tanga L\u00eda es una celebraci\u00f3n del menos es m\u00e1s.<br data-start=\"764\" data-end=\"767\" \/>Hecha en suave tela color uva tinta y tirantes negros ajustables, se desliza en la piel sin marcar.<\/p>\n<p data-start=\"881\" data-end=\"1173\">Su silueta limpia, enmarcada por finas tiras negras, sigue el cuerpo sin restringirlo \u2014 se adapta de forma natural, se mueve con libertad y realza tu silueta.<br data-start=\"1059\" data-end=\"1062\" \/>Los tri\u00e1ngulos delantero y trasero revelan lo justo, celebrando la belleza de la simplicidad a trav\u00e9s de la intenci\u00f3n pura.<\/p>\n<p data-start=\"1175\" data-end=\"1261\">Es tan suave que te olvidar\u00e1s que la llevas puesta.<br data-start=\"1216\" data-end=\"1219\" \/>Es tan bella que querr\u00e1s mostrarla.<\/p>\n<p data-start=\"1263\" data-end=\"1433\">Perfecta para combinar con el <strong data-start=\"1288\" data-end=\"1305\"><a href=\"https:\/\/sartoriatelier.com\/es\/shop\/maia-bralette-burgundy-soft-stretch\/\">Maia Bralette<\/a> o <a href=\"https:\/\/sartoriatelier.com\/es\/shop\/boa-bralette-burgundy-soft-stretch\/\">Boa bralette <\/a><\/strong>\u00a0tu conjunto de lujo diaro, hecho en Barcelona.<\/p>\n<p class=\"ds-markdown-paragraph\">Perfecta para combinar con el sujetador Voil\u00e1 o el Boa en la misma tela.<\/p>\n<p><!-- notionvc: 33bf3e50-4b37-4982-a5f1-e41d9c4ef020 --><\/p>","protected":false},"excerpt":{"rendered":"<p class=\"ds-markdown-paragraph\"><strong>El poder de lo simple.<\/strong><\/p>\n<p data-start=\"486\" data-end=\"662\">\u00a0El tanga L\u00eda est\u00e1 hecho en suave lycra color uva tinta y tirantes negros ajustables.<\/p>\n<h3 data-start=\"664\" data-end=\"691\"><\/h3>\n<p><!-- notionvc: 91410e49-d126-4175-adf5-113b38628adc --><\/p>\n<p><!-- notionvc: 9e60e8a5-f48f-42ea-a14a-4923e7e2da3c --><\/p>","protected":false},"featured_media":5670,"comment_status":"open","ping_status":"closed","template":"","meta":{"_joinchat":[]},"product_brand":[],"product_cat":[91],"product_tag":[222,184,174,177],"class_list":{"0":"post-5388","1":"product","2":"type-product","3":"status-publish","4":"has-post-thumbnail","6":"product_cat-bottom","7":"product_tag-atelier-collection","8":"product_tag-burgundy","9":"product_tag-second-skin","10":"product_tag-thong","12":"first","13":"instock","14":"taxable","15":"shipping-taxable","16":"purchasable","17":"product-type-variable"},"aioseo_notices":[],"_links":{"self":[{"href":"https:\/\/sartoriatelier.com\/es\/wp-json\/wp\/v2\/product\/5388","targetHints":{"allow":["GET"]}}],"collection":[{"href":"https:\/\/sartoriatelier.com\/es\/wp-json\/wp\/v2\/product"}],"about":[{"href":"https:\/\/sartoriatelier.com\/es\/wp-json\/wp\/v2\/types\/product"}],"replies":[{"embeddable":true,"href":"https:\/\/sartoriatelier.com\/es\/wp-json\/wp\/v2\/comments?post=5388"}],"wp:featuredmedia":[{"embeddable":true,"href":"https:\/\/sartoriatelier.com\/es\/wp-json\/wp\/v2\/media\/5670"}],"wp:attachment":[{"href":"https:\/\/sartoriatelier.com\/es\/wp-json\/wp\/v2\/media?parent=5388"}],"wp:term":[{"taxonomy":"product_brand","embeddable":true,"href":"https:\/\/sartoriatelier.com\/es\/wp-json\/wp\/v2\/product_brand?post=5388"},{"taxonomy":"product_cat","embeddable":true,"href":"https:\/\/sartoriatelier.com\/es\/wp-json\/wp\/v2\/product_cat?post=5388"},{"taxonomy":"product_tag","embeddable":true,"href":"https:\/\/sartoriatelier.com\/es\/wp-json\/wp\/v2\/product_tag?post=5388"}],"curies":[{"name":"wp","href":"https:\/\/api.w.org\/{rel}","templated":true}]}}