{"id":5385,"date":"2025-10-08T21:56:33","date_gmt":"2025-10-08T20:56:33","guid":{"rendered":"https:\/\/sartoriatelier.com\/?post_type=product&#038;p=5385"},"modified":"2026-03-24T23:04:55","modified_gmt":"2026-03-24T22:04:55","slug":"boa-bralette-tul-elastico","status":"publish","type":"product","link":"https:\/\/sartoriatelier.com\/es\/shop\/lenceria\/bralette\/boa-bralette-tul-elastico\/","title":{"rendered":"Boa Bralette - Tul El\u00e1stico"},"content":{"rendered":"<p data-start=\"431\" data-end=\"651\"><strong data-start=\"431\" data-end=\"496\">Boa no es solo un bralette \u2014 es una segunda piel con actitud.<\/strong><br data-start=\"496\" data-end=\"499\" \/>Es un tejido suave, ultraligero y transparente, se funde con tu cuerpo con una ligereza casi invisible \u2014 pero imposible de pasar desapercibido.<\/p>\n<p data-start=\"653\" data-end=\"902\">Su dise\u00f1o cruzado en el frente sigue tus curvas con intenci\u00f3n, juntando tus pechos naturalmente creando y un escote impactante que revela justo lo necesario.<\/p>\n<p data-start=\"904\" data-end=\"1114\">Las dobles tiras ajustables y el cierre trasero en G permiten encontrar el ajuste perfecto para que te sientas c\u00f3moda en tu piel.<\/p>\n<p data-start=\"1116\" data-end=\"1232\">Cada pieza est\u00e1 hecha a mano en Barcelona, dise\u00f1ada para celebrar tu cuerpo tal como es: poderoso, \u00fanico, vivo.<\/p>\n<p data-start=\"1234\" data-end=\"1340\">Comb\u00ednalo con el <a href=\"https:\/\/sartoriatelier.com\/es\/shop\/lia-thong-black-mesh\/\">Tanga L\u00eda<\/a> o el <a href=\"https:\/\/sartoriatelier.com\/es\/shop\/tanga-niva-tul-elastico\/\">Braguita Niva<\/a> para un look completo.<\/p>","protected":false},"excerpt":{"rendered":"<p><strong>Un abrazo sensual<\/strong><\/p>\n<div class=\"et-pro-summary-top\">\n<div class=\"woocommerce-product-details__short-description\">\n<div class=\"entry-content\">\n<p>Bralette cruzado en encaje franc\u00e9s con escote en V y tiras dobles ajustables. Un dise\u00f1o envolvente y sensual.<\/p>\n<\/div>\n<\/div>\n<\/div>\n<p><!-- notionvc: 91410e49-d126-4175-adf5-113b38628adc --><\/p>\n<p><!-- notionvc: 9e60e8a5-f48f-42ea-a14a-4923e7e2da3c --><\/p>","protected":false},"featured_media":5645,"comment_status":"open","ping_status":"closed","template":"","meta":{"_joinchat":[]},"product_brand":[],"product_cat":[112],"product_tag":[178,222,183,174,180],"class_list":{"0":"post-5385","1":"product","2":"type-product","3":"status-publish","4":"has-post-thumbnail","6":"product_cat-bralette","7":"product_tag-adjustable","8":"product_tag-atelier-collection","9":"product_tag-black","10":"product_tag-second-skin","11":"product_tag-soft","13":"first","14":"instock","15":"taxable","16":"shipping-taxable","17":"purchasable","18":"product-type-variable"},"aioseo_notices":[],"_links":{"self":[{"href":"https:\/\/sartoriatelier.com\/es\/wp-json\/wp\/v2\/product\/5385","targetHints":{"allow":["GET"]}}],"collection":[{"href":"https:\/\/sartoriatelier.com\/es\/wp-json\/wp\/v2\/product"}],"about":[{"href":"https:\/\/sartoriatelier.com\/es\/wp-json\/wp\/v2\/types\/product"}],"replies":[{"embeddable":true,"href":"https:\/\/sartoriatelier.com\/es\/wp-json\/wp\/v2\/comments?post=5385"}],"wp:featuredmedia":[{"embeddable":true,"href":"https:\/\/sartoriatelier.com\/es\/wp-json\/wp\/v2\/media\/5645"}],"wp:attachment":[{"href":"https:\/\/sartoriatelier.com\/es\/wp-json\/wp\/v2\/media?parent=5385"}],"wp:term":[{"taxonomy":"product_brand","embeddable":true,"href":"https:\/\/sartoriatelier.com\/es\/wp-json\/wp\/v2\/product_brand?post=5385"},{"taxonomy":"product_cat","embeddable":true,"href":"https:\/\/sartoriatelier.com\/es\/wp-json\/wp\/v2\/product_cat?post=5385"},{"taxonomy":"product_tag","embeddable":true,"href":"https:\/\/sartoriatelier.com\/es\/wp-json\/wp\/v2\/product_tag?post=5385"}],"curies":[{"name":"wp","href":"https:\/\/api.w.org\/{rel}","templated":true}]}}