{"id":5375,"date":"2025-10-08T17:00:22","date_gmt":"2025-10-08T16:00:22","guid":{"rendered":"https:\/\/sartoriatelier.com\/?post_type=product&#038;p=5375"},"modified":"2026-04-03T10:39:22","modified_gmt":"2026-04-03T09:39:22","slug":"tanga-kimera-encaje-frances-2","status":"publish","type":"product","link":"https:\/\/sartoriatelier.com\/es\/shop\/lenceria\/braguita\/tanga-kimera-encaje-frances-2\/","title":{"rendered":"Tanga Kimera en encaje negro Franc\u00e9s"},"content":{"rendered":"<p><span class=\"notion-enable-hover\" data-token-index=\"0\">Comfort con car\u00e1cter. Sensualidad que se adapta a ti.<\/span><\/p>\n<p>La braguita Quimera es el resultado de un deseo: crear una pieza que se sienta tan bien como se ve. Una prenda que juegue entre lo sutil y lo atrevido, sin renunciar ni a la comodidad ni a la sensualidad.<\/p>\n<p>Con tirantes frontales que permiten ajustar la braguita seg\u00fan tu cuerpo y tu forma de sentirlo. Y no, no te hace saltar la piel, porque est\u00e1n al frente\u2026  Algunas personas la prefieren m\u00e1s ce\u00f1ida, otras m\u00e1s relajada: esta pieza te da el poder de decidir c\u00f3mo se adapta a ti.<\/p>\n<p>Hecho artesanalmente en mi taller en Barcelona,. Usando un delicado encaje franc\u00e9s cordado que aporta textura, car\u00e1cter, elegancia y una suavidad que se siente sobre la piel. El interior siempre lleva algod\u00f3n org\u00e1nico.<\/p>\n<p><!-- notionvc: 33bf3e50-4b37-4982-a5f1-e41d9c4ef020 --><\/p>","protected":false},"excerpt":{"rendered":"<p><strong>Tan c\u00f3moda como poderosa.<\/strong><\/p>\n<p>Tanga en encaje franc\u00e9s con sugerente cut-out frontal y tiras regulables para un fit perfecto.<\/p>\n<p><!-- notionvc: 91410e49-d126-4175-adf5-113b38628adc --><\/p>\n<p><!-- notionvc: 9e60e8a5-f48f-42ea-a14a-4923e7e2da3c --><\/p>","protected":false},"featured_media":5630,"comment_status":"open","ping_status":"closed","template":"","meta":{"_joinchat":[]},"product_brand":[],"product_cat":[91],"product_tag":[178,222,183,181,172,177],"class_list":{"0":"post-5375","1":"product","2":"type-product","3":"status-publish","4":"has-post-thumbnail","6":"product_cat-bottom","7":"product_tag-adjustable","8":"product_tag-atelier-collection","9":"product_tag-black","10":"product_tag-boudoir","11":"product_tag-french-lace","12":"product_tag-thong","14":"first","15":"instock","16":"taxable","17":"shipping-taxable","18":"purchasable","19":"product-type-simple"},"aioseo_notices":[],"_links":{"self":[{"href":"https:\/\/sartoriatelier.com\/es\/wp-json\/wp\/v2\/product\/5375","targetHints":{"allow":["GET"]}}],"collection":[{"href":"https:\/\/sartoriatelier.com\/es\/wp-json\/wp\/v2\/product"}],"about":[{"href":"https:\/\/sartoriatelier.com\/es\/wp-json\/wp\/v2\/types\/product"}],"replies":[{"embeddable":true,"href":"https:\/\/sartoriatelier.com\/es\/wp-json\/wp\/v2\/comments?post=5375"}],"wp:featuredmedia":[{"embeddable":true,"href":"https:\/\/sartoriatelier.com\/es\/wp-json\/wp\/v2\/media\/5630"}],"wp:attachment":[{"href":"https:\/\/sartoriatelier.com\/es\/wp-json\/wp\/v2\/media?parent=5375"}],"wp:term":[{"taxonomy":"product_brand","embeddable":true,"href":"https:\/\/sartoriatelier.com\/es\/wp-json\/wp\/v2\/product_brand?post=5375"},{"taxonomy":"product_cat","embeddable":true,"href":"https:\/\/sartoriatelier.com\/es\/wp-json\/wp\/v2\/product_cat?post=5375"},{"taxonomy":"product_tag","embeddable":true,"href":"https:\/\/sartoriatelier.com\/es\/wp-json\/wp\/v2\/product_tag?post=5375"}],"curies":[{"name":"wp","href":"https:\/\/api.w.org\/{rel}","templated":true}]}}