{"id":5373,"date":"2025-10-08T16:33:18","date_gmt":"2025-10-08T15:33:18","guid":{"rendered":"https:\/\/sartoriatelier.com\/?post_type=product&#038;p=5373"},"modified":"2026-03-04T10:51:55","modified_gmt":"2026-03-04T09:51:55","slug":"tanga-lia-broderie-blanco","status":"publish","type":"product","link":"https:\/\/sartoriatelier.com\/es\/shop\/lenceria\/braguita\/tanga-lia-broderie-blanco\/","title":{"rendered":"Tanga L\u00eda \u2013 Broderie Blanco"},"content":{"rendered":"<p class=\"ds-markdown-paragraph\"><strong>La braguita Tanga L\u00eda  es una celebraci\u00f3n del menos es m\u00e1s.<\/strong>\u00a0Dise\u00f1ada para quienes buscan ligereza, libertad de movimiento y una est\u00e9tica limpia, esta braguita se adapta a tu cuerpo como una segunda piel.<\/p>\n<p class=\"ds-markdown-paragraph\">De una delicada tela blanca el\u00e1stica, su dise\u00f1o triangular realza tu figura con suavidad. Las suaves tiras laterales se funden con tu piel sin marcar.<\/p>\n<p class=\"ds-markdown-paragraph\">Es tan suave que te olvidar\u00e1s que la llevas puesta.<br \/>\nEs tan bella que querr\u00e1s mostrarla.<\/p>\n<p class=\"ds-markdown-paragraph\">Perfect to pair with the Voil\u00e1 bra.<\/p>\n<p><!-- notionvc: 33bf3e50-4b37-4982-a5f1-e41d9c4ef020 --><\/p>","protected":false},"excerpt":{"rendered":"<p class=\"ds-markdown-paragraph\"><strong>Lo m\u00ednimo. Como no llevar nada.<\/strong><\/p>\n<p class=\"ds-markdown-paragraph\">Un tanga en suave tela blanca el\u00e1stica, creado para ser delicadamente minimalista y ligero como una segunda piel. Sus tiras finas ajustan sin marcar.<\/p>\n<p><!-- notionvc: 91410e49-d126-4175-adf5-113b38628adc --><\/p>\n<p><!-- notionvc: 9e60e8a5-f48f-42ea-a14a-4923e7e2da3c --><\/p>","protected":false},"featured_media":5623,"comment_status":"open","ping_status":"closed","template":"","meta":{"_joinchat":[]},"product_brand":[],"product_cat":[91],"product_tag":[221,180,177,199],"class_list":{"0":"post-5373","1":"product","2":"type-product","3":"status-publish","4":"has-post-thumbnail","6":"product_cat-bottom","7":"product_tag-limited-edition","8":"product_tag-soft","9":"product_tag-thong","10":"product_tag-white","12":"first","13":"onbackorder","14":"taxable","15":"shipping-taxable","16":"purchasable","17":"product-type-variable"},"aioseo_notices":[],"_links":{"self":[{"href":"https:\/\/sartoriatelier.com\/es\/wp-json\/wp\/v2\/product\/5373","targetHints":{"allow":["GET"]}}],"collection":[{"href":"https:\/\/sartoriatelier.com\/es\/wp-json\/wp\/v2\/product"}],"about":[{"href":"https:\/\/sartoriatelier.com\/es\/wp-json\/wp\/v2\/types\/product"}],"replies":[{"embeddable":true,"href":"https:\/\/sartoriatelier.com\/es\/wp-json\/wp\/v2\/comments?post=5373"}],"wp:featuredmedia":[{"embeddable":true,"href":"https:\/\/sartoriatelier.com\/es\/wp-json\/wp\/v2\/media\/5623"}],"wp:attachment":[{"href":"https:\/\/sartoriatelier.com\/es\/wp-json\/wp\/v2\/media?parent=5373"}],"wp:term":[{"taxonomy":"product_brand","embeddable":true,"href":"https:\/\/sartoriatelier.com\/es\/wp-json\/wp\/v2\/product_brand?post=5373"},{"taxonomy":"product_cat","embeddable":true,"href":"https:\/\/sartoriatelier.com\/es\/wp-json\/wp\/v2\/product_cat?post=5373"},{"taxonomy":"product_tag","embeddable":true,"href":"https:\/\/sartoriatelier.com\/es\/wp-json\/wp\/v2\/product_tag?post=5373"}],"curies":[{"name":"wp","href":"https:\/\/api.w.org\/{rel}","templated":true}]}}