{"id":5344,"date":"2025-10-08T09:57:19","date_gmt":"2025-10-08T08:57:19","guid":{"rendered":"https:\/\/sartoriatelier.com\/?post_type=product&#038;p=5344"},"modified":"2026-03-04T11:13:53","modified_gmt":"2026-03-04T10:13:53","slug":"arnes-eris-rojo","status":"publish","type":"product","link":"https:\/\/sartoriatelier.com\/es\/shop\/lenceria\/accesorios\/arnes-eris-rojo\/","title":{"rendered":"Arn\u00e9s Eris rojo"},"content":{"rendered":"<p class=\"ds-markdown-paragraph\">Eris, diosa del cambio y la rebeli\u00f3n, inspira este arn\u00e9s que celebra la libertad y la fuerza de ser una misma.<\/p>\n<p>En terciopelo rojo, el detalle que captura todas las miradas. Una declaraci\u00f3n que no pasa desapercibida.<\/p>\n<p class=\"ds-markdown-paragraph\">Hecha en <strong>tiras de terciopelo ajustables<\/strong>que se adaptan al cuerpo, realzando la forma natural y dibujando un escote audaz.<\/p>\n<p class=\"ds-markdown-paragraph\">Puedes llevarlo sobre un sujetador o directamente sobre tu piel. Tambi\u00e9n puedes dejarlo entrever bajo una camisa o un vestido, como una declaraci\u00f3n de intenciones que solo t\u00fa decides mostrar.<\/p>\n<p class=\"ds-markdown-paragraph\">Cada pieza es confeccionada a mano en Barcelona, cuidando cada detalle para ofrecerte una experiencia de sensualidad propia, consciente y libre.<\/p>\n<p class=\"ds-markdown-paragraph\">Atr\u00e9vete a ser la protagonista de tu deseo.<\/p>\n<p><!-- notionvc: 33bf3e50-4b37-4982-a5f1-e41d9c4ef020 --><\/p>","protected":false},"excerpt":{"rendered":"<p class=\"ds-markdown-paragraph\"><strong>La elegancia est\u00e1 en los detalles.<\/strong><\/p>\n<p class=\"ds-markdown-paragraph\">Arn\u00e9s ajustable de tiras de terciopelo que envuelven el cuerpo y realzan el escote. \u00dasalo sobre un bralette o directamente sobre la piel.<\/p>","protected":false},"featured_media":5660,"comment_status":"open","ping_status":"closed","template":"","meta":{"_joinchat":[]},"product_brand":[],"product_cat":[15],"product_tag":[222,181,186,179],"class_list":{"0":"post-5344","1":"product","2":"type-product","3":"status-publish","4":"has-post-thumbnail","6":"product_cat-accessory","7":"product_tag-atelier-collection","8":"product_tag-boudoir","9":"product_tag-red","10":"product_tag-velvet","12":"first","13":"instock","14":"taxable","15":"shipping-taxable","16":"purchasable","17":"product-type-simple"},"aioseo_notices":[],"_links":{"self":[{"href":"https:\/\/sartoriatelier.com\/es\/wp-json\/wp\/v2\/product\/5344","targetHints":{"allow":["GET"]}}],"collection":[{"href":"https:\/\/sartoriatelier.com\/es\/wp-json\/wp\/v2\/product"}],"about":[{"href":"https:\/\/sartoriatelier.com\/es\/wp-json\/wp\/v2\/types\/product"}],"replies":[{"embeddable":true,"href":"https:\/\/sartoriatelier.com\/es\/wp-json\/wp\/v2\/comments?post=5344"}],"wp:featuredmedia":[{"embeddable":true,"href":"https:\/\/sartoriatelier.com\/es\/wp-json\/wp\/v2\/media\/5660"}],"wp:attachment":[{"href":"https:\/\/sartoriatelier.com\/es\/wp-json\/wp\/v2\/media?parent=5344"}],"wp:term":[{"taxonomy":"product_brand","embeddable":true,"href":"https:\/\/sartoriatelier.com\/es\/wp-json\/wp\/v2\/product_brand?post=5344"},{"taxonomy":"product_cat","embeddable":true,"href":"https:\/\/sartoriatelier.com\/es\/wp-json\/wp\/v2\/product_cat?post=5344"},{"taxonomy":"product_tag","embeddable":true,"href":"https:\/\/sartoriatelier.com\/es\/wp-json\/wp\/v2\/product_tag?post=5344"}],"curies":[{"name":"wp","href":"https:\/\/api.w.org\/{rel}","templated":true}]}}