{"id":4932,"date":"2025-04-26T23:49:25","date_gmt":"2025-04-26T22:49:25","guid":{"rendered":"https:\/\/sartoriatelier.com\/?post_type=product&#038;p=4932"},"modified":"2026-03-04T10:48:12","modified_gmt":"2026-03-04T09:48:12","slug":"arnes-eris-negro","status":"publish","type":"product","link":"https:\/\/sartoriatelier.com\/es\/shop\/lenceria\/accesorios\/arnes-eris-negro\/","title":{"rendered":"Eris Black Harness"},"content":{"rendered":"<p class=\"ds-markdown-paragraph\">Eris, diosa del cambio y la rebeli\u00f3n, inspira este arn\u00e9s que celebra la libertad y la fuerza de ser una misma.<\/p>\n<p>En negro cl\u00e1sico. La pieza definitiva para una declaraci\u00f3n vers\u00e1til y audaz que combina con todo.<\/p>\n<p class=\"ds-markdown-paragraph\">Hecha en <strong>tiras de terciopelo ajustables<\/strong>que se adaptan al cuerpo, realzando la forma natural y dibujando un escote audaz.<\/p>\n<p class=\"ds-markdown-paragraph\">Puedes llevarlo sobre un sujetador o directamente sobre tu piel. Tambi\u00e9n puedes dejarlo entrever bajo una camisa o un vestido, como una declaraci\u00f3n de intenciones que solo t\u00fa decides mostrar.<\/p>\n<p class=\"ds-markdown-paragraph\">Cada pieza es confeccionada a mano en Barcelona, cuidando cada detalle para ofrecerte una experiencia de sensualidad propia, consciente y libre.<\/p>\n<p class=\"ds-markdown-paragraph\">Atr\u00e9vete a ser la protagonista de tu deseo.<\/p>\n<p><!-- notionvc: 33bf3e50-4b37-4982-a5f1-e41d9c4ef020 --><\/p>","protected":false},"excerpt":{"rendered":"<p class=\"ds-markdown-paragraph\"><strong>La elegancia est\u00e1 en los detalles.<\/strong><\/p>\n<p class=\"ds-markdown-paragraph\">Arn\u00e9s ajustable de tiras de terciopelo que envuelven el cuerpo y realzan el escote. \u00dasalo sobre un bralette o directamente sobre la piel.<\/p>","protected":false},"featured_media":5702,"comment_status":"open","ping_status":"closed","template":"","meta":{"_joinchat":[]},"product_brand":[],"product_cat":[15],"product_tag":[222,183,181,179],"class_list":{"0":"post-4932","1":"product","2":"type-product","3":"status-publish","4":"has-post-thumbnail","6":"product_cat-accessory","7":"product_tag-atelier-collection","8":"product_tag-black","9":"product_tag-boudoir","10":"product_tag-velvet","12":"first","13":"instock","14":"taxable","15":"shipping-taxable","16":"purchasable","17":"product-type-simple"},"aioseo_notices":[],"_links":{"self":[{"href":"https:\/\/sartoriatelier.com\/es\/wp-json\/wp\/v2\/product\/4932","targetHints":{"allow":["GET"]}}],"collection":[{"href":"https:\/\/sartoriatelier.com\/es\/wp-json\/wp\/v2\/product"}],"about":[{"href":"https:\/\/sartoriatelier.com\/es\/wp-json\/wp\/v2\/types\/product"}],"replies":[{"embeddable":true,"href":"https:\/\/sartoriatelier.com\/es\/wp-json\/wp\/v2\/comments?post=4932"}],"wp:featuredmedia":[{"embeddable":true,"href":"https:\/\/sartoriatelier.com\/es\/wp-json\/wp\/v2\/media\/5702"}],"wp:attachment":[{"href":"https:\/\/sartoriatelier.com\/es\/wp-json\/wp\/v2\/media?parent=4932"}],"wp:term":[{"taxonomy":"product_brand","embeddable":true,"href":"https:\/\/sartoriatelier.com\/es\/wp-json\/wp\/v2\/product_brand?post=4932"},{"taxonomy":"product_cat","embeddable":true,"href":"https:\/\/sartoriatelier.com\/es\/wp-json\/wp\/v2\/product_cat?post=4932"},{"taxonomy":"product_tag","embeddable":true,"href":"https:\/\/sartoriatelier.com\/es\/wp-json\/wp\/v2\/product_tag?post=4932"}],"curies":[{"name":"wp","href":"https:\/\/api.w.org\/{rel}","templated":true}]}}