{"id":4853,"date":"2025-04-25T19:11:01","date_gmt":"2025-04-25T18:11:01","guid":{"rendered":"https:\/\/sartoriatelier.com\/?post_type=product&#038;p=4853"},"modified":"2026-03-04T10:40:59","modified_gmt":"2026-03-04T09:40:59","slug":"tanga-lia-tul-elastico","status":"publish","type":"product","link":"https:\/\/sartoriatelier.com\/es\/shop\/lenceria\/braguita\/tanga-lia-tul-elastico\/","title":{"rendered":"Lia Thong &#8211; Sheer Mesh"},"content":{"rendered":"<p class=\"ds-markdown-paragraph\"><strong>La braguita Tanga L\u00eda  es una celebraci\u00f3n del menos es m\u00e1s.<\/strong>\u00a0Dise\u00f1ada para quienes buscan ligereza, libertad de movimiento y una est\u00e9tica limpia, esta braguita se adapta a tu cuerpo como una segunda piel.<\/p>\n<p class=\"ds-markdown-paragraph\">Crafted from semi-transparent stretch tulle, its front and rear triangle design enhances your shape without covering it completely. The delicate side straps allow the garment to blend with your body\u2014seamless and uninterrupted.<\/p>\n<p class=\"ds-markdown-paragraph\">Es tan suave que te olvidar\u00e1s que la llevas puesta.<br \/>\nEs tan bella que querr\u00e1s mostrarla.<\/p>\n<p class=\"ds-markdown-paragraph\">Perfecta para combinar con el <a href=\"https:\/\/sartoriatelier.com\/es\/shop\/bralette-voila-tul-elastico\/\">Voil\u00e1<\/a>, or the <a href=\"https:\/\/sartoriatelier.com\/es\/shop\/boa-bralette-tul-elastico\/\">Boa bralette<\/a>.<\/p>\n<p><!-- notionvc: 33bf3e50-4b37-4982-a5f1-e41d9c4ef020 --><\/p>","protected":false},"excerpt":{"rendered":"<p class=\"ds-markdown-paragraph\"><strong>Lo m\u00ednimo. Como no llevar nada.<\/strong><\/p>\n<p class=\"ds-markdown-paragraph\">Braguita tanga en tul el\u00e1stico, minimalista, delicada y ligera como una segunda piel. Sus tiras finas enmarcan el cuerpo sin apretar.<\/p>\n<p><!-- notionvc: 91410e49-d126-4175-adf5-113b38628adc --><\/p>\n<p><!-- notionvc: 9e60e8a5-f48f-42ea-a14a-4923e7e2da3c --><\/p>","protected":false},"featured_media":5619,"comment_status":"open","ping_status":"closed","template":"","meta":{"_joinchat":[]},"product_brand":[],"product_cat":[91],"product_tag":[222,183,174,175,177],"class_list":{"0":"post-4853","1":"product","2":"type-product","3":"status-publish","4":"has-post-thumbnail","6":"product_cat-bottom","7":"product_tag-atelier-collection","8":"product_tag-black","9":"product_tag-second-skin","10":"product_tag-sheer","11":"product_tag-thong","13":"first","14":"instock","15":"taxable","16":"shipping-taxable","17":"purchasable","18":"product-type-variable"},"aioseo_notices":[],"_links":{"self":[{"href":"https:\/\/sartoriatelier.com\/es\/wp-json\/wp\/v2\/product\/4853","targetHints":{"allow":["GET"]}}],"collection":[{"href":"https:\/\/sartoriatelier.com\/es\/wp-json\/wp\/v2\/product"}],"about":[{"href":"https:\/\/sartoriatelier.com\/es\/wp-json\/wp\/v2\/types\/product"}],"replies":[{"embeddable":true,"href":"https:\/\/sartoriatelier.com\/es\/wp-json\/wp\/v2\/comments?post=4853"}],"wp:featuredmedia":[{"embeddable":true,"href":"https:\/\/sartoriatelier.com\/es\/wp-json\/wp\/v2\/media\/5619"}],"wp:attachment":[{"href":"https:\/\/sartoriatelier.com\/es\/wp-json\/wp\/v2\/media?parent=4853"}],"wp:term":[{"taxonomy":"product_brand","embeddable":true,"href":"https:\/\/sartoriatelier.com\/es\/wp-json\/wp\/v2\/product_brand?post=4853"},{"taxonomy":"product_cat","embeddable":true,"href":"https:\/\/sartoriatelier.com\/es\/wp-json\/wp\/v2\/product_cat?post=4853"},{"taxonomy":"product_tag","embeddable":true,"href":"https:\/\/sartoriatelier.com\/es\/wp-json\/wp\/v2\/product_tag?post=4853"}],"curies":[{"name":"wp","href":"https:\/\/api.w.org\/{rel}","templated":true}]}}