{"id":2157,"date":"2024-09-17T18:14:20","date_gmt":"2024-09-17T18:14:20","guid":{"rendered":"https:\/\/sartoriatelier.com\/?post_type=product&#038;p=2157"},"modified":"2026-04-06T09:36:16","modified_gmt":"2026-04-06T08:36:16","slug":"clase-de-introduccion-a-la-lenceria-braguita","status":"publish","type":"product","link":"https:\/\/sartoriatelier.com\/es\/shop\/workshops\/clase-de-introduccion-a-la-lenceria-braguita\/","title":{"rendered":"Clase de introducci\u00f3n a la lencer\u00eda y braguita"},"content":{"rendered":"<p>In\u00edciate en la costura de lencer\u00eda con una clase donde coser\u00e1s una braguita a tu estilo.<\/p>\n<p>Puedes elegir entre 3 modelos de braguitas y tela de mesh o algod\u00f3n para que sea a tu estilo.\u00a0 Comenzaremos con una introducci\u00f3n donde hablaremos de telas, elasticidad, puntadas y toma de medidas para terminar cosiendo tu braguita.<\/p>\n<p>No es necesario tener conocimientos previos de costura de lencer\u00eda ni de telas de punto. Pero s\u00ed hace falta que sepas usar la m\u00e1quina de coser. Si nunca la has usado escr\u00edbeme y podemos organizar una clase de introducci\u00f3n a la costura.<\/p>\n<p>DURACI\u00d3N: 4 horas<br \/>\nMATERIALES: incluidos<br \/>\nREQUISITOS: nivel b\u00e1sico de costura o curso de introducci\u00f3n a la costura<br \/>\nFECHA: a convenir, escr\u00edbeme por m\u00e1s informaci\u00f3n<br \/>\nUBICACI\u00d3N: Carrer Sant Gil 17, metro Sant Antoni, Barcelona centro<\/p>\n<p>Grupos reducidos 3-6 personas.<\/p>\n<p>Contacta por <a href=\"https:\/\/api.whatsapp.com\/send?phone=34611721706\">whatsapp<\/a> si quieres m\u00e1s informaci\u00f3n.<\/p>","protected":false},"excerpt":{"rendered":"<p>Clase de introducci\u00f3n a la lencer\u00eda y costura de braguita.<\/p>","protected":false},"featured_media":2067,"comment_status":"open","ping_status":"closed","template":"","meta":{"_joinchat":[]},"product_brand":[],"product_cat":[58],"product_tag":[],"class_list":{"0":"post-2157","1":"product","2":"type-product","3":"status-publish","4":"has-post-thumbnail","6":"product_cat-workshops","8":"first","9":"instock","10":"purchasable","11":"product-type-simple"},"aioseo_notices":[],"_links":{"self":[{"href":"https:\/\/sartoriatelier.com\/es\/wp-json\/wp\/v2\/product\/2157","targetHints":{"allow":["GET"]}}],"collection":[{"href":"https:\/\/sartoriatelier.com\/es\/wp-json\/wp\/v2\/product"}],"about":[{"href":"https:\/\/sartoriatelier.com\/es\/wp-json\/wp\/v2\/types\/product"}],"replies":[{"embeddable":true,"href":"https:\/\/sartoriatelier.com\/es\/wp-json\/wp\/v2\/comments?post=2157"}],"wp:featuredmedia":[{"embeddable":true,"href":"https:\/\/sartoriatelier.com\/es\/wp-json\/wp\/v2\/media\/2067"}],"wp:attachment":[{"href":"https:\/\/sartoriatelier.com\/es\/wp-json\/wp\/v2\/media?parent=2157"}],"wp:term":[{"taxonomy":"product_brand","embeddable":true,"href":"https:\/\/sartoriatelier.com\/es\/wp-json\/wp\/v2\/product_brand?post=2157"},{"taxonomy":"product_cat","embeddable":true,"href":"https:\/\/sartoriatelier.com\/es\/wp-json\/wp\/v2\/product_cat?post=2157"},{"taxonomy":"product_tag","embeddable":true,"href":"https:\/\/sartoriatelier.com\/es\/wp-json\/wp\/v2\/product_tag?post=2157"}],"curies":[{"name":"wp","href":"https:\/\/api.w.org\/{rel}","templated":true}]}}