{"id":2151,"date":"2024-09-17T15:20:42","date_gmt":"2024-09-17T15:20:42","guid":{"rendered":"https:\/\/sartoriatelier.com\/?post_type=product&#038;p=2151"},"modified":"2026-04-06T09:36:53","modified_gmt":"2026-04-06T08:36:53","slug":"introduccion-a-la-costura","status":"publish","type":"product","link":"https:\/\/sartoriatelier.com\/es\/shop\/workshops\/introduccion-a-la-costura\/","title":{"rendered":"Clase de introducci\u00f3n a la costura"},"content":{"rendered":"<p>Es una clase b\u00e1sica para familiarizarte y practicar el uso de la m\u00e1quina de coser.\u00a0 Te preparar\u00e1 para los cursos de costura de lencer\u00eda.<\/p>\n<p>Aprender\u00e1s enhebrado de m\u00e1quina, c\u00f3mo hacer bobina, rematar la costura, tipos de puntada y sus variaciones. Practicar\u00e1s cada puntada , como se empieza y termina la costura, los m\u00e1rgenes de costura.<\/p>\n<p><strong>DURACI\u00d3N: 2 horas<\/strong><br \/>\n<strong>MATERIALES: incluidos<\/strong><br \/>\n<strong>REQUISITOS: ninguno<\/strong><\/p>\n<p>Grupos reducidos m\u00e1ximo 3 personas.<\/p>\n<p>Las fechas son a convenir.<\/p>\n<p>Contacta por <a href=\"https:\/\/api.whatsapp.com\/send?phone=34611721706\">Whatsapp<\/a> si quieres m\u00e1s informaci\u00f3n.<\/p>","protected":false},"excerpt":{"rendered":"<p>Clase de introducci\u00f3n a la costura para aprender a usar la m\u00e1quina de coser.<\/p>","protected":false},"featured_media":2155,"comment_status":"open","ping_status":"closed","template":"","meta":{"_joinchat":[]},"product_brand":[],"product_cat":[58],"product_tag":[],"class_list":{"0":"post-2151","1":"product","2":"type-product","3":"status-publish","4":"has-post-thumbnail","6":"product_cat-workshops","8":"first","9":"instock","10":"purchasable","11":"product-type-simple"},"aioseo_notices":[],"_links":{"self":[{"href":"https:\/\/sartoriatelier.com\/es\/wp-json\/wp\/v2\/product\/2151","targetHints":{"allow":["GET"]}}],"collection":[{"href":"https:\/\/sartoriatelier.com\/es\/wp-json\/wp\/v2\/product"}],"about":[{"href":"https:\/\/sartoriatelier.com\/es\/wp-json\/wp\/v2\/types\/product"}],"replies":[{"embeddable":true,"href":"https:\/\/sartoriatelier.com\/es\/wp-json\/wp\/v2\/comments?post=2151"}],"wp:featuredmedia":[{"embeddable":true,"href":"https:\/\/sartoriatelier.com\/es\/wp-json\/wp\/v2\/media\/2155"}],"wp:attachment":[{"href":"https:\/\/sartoriatelier.com\/es\/wp-json\/wp\/v2\/media?parent=2151"}],"wp:term":[{"taxonomy":"product_brand","embeddable":true,"href":"https:\/\/sartoriatelier.com\/es\/wp-json\/wp\/v2\/product_brand?post=2151"},{"taxonomy":"product_cat","embeddable":true,"href":"https:\/\/sartoriatelier.com\/es\/wp-json\/wp\/v2\/product_cat?post=2151"},{"taxonomy":"product_tag","embeddable":true,"href":"https:\/\/sartoriatelier.com\/es\/wp-json\/wp\/v2\/product_tag?post=2151"}],"curies":[{"name":"wp","href":"https:\/\/api.w.org\/{rel}","templated":true}]}}