{"id":2149,"date":"2024-09-17T12:47:55","date_gmt":"2024-09-17T12:47:55","guid":{"rendered":"https:\/\/sartoriatelier.com\/?post_type=product&#038;p=2149"},"modified":"2025-07-23T18:08:03","modified_gmt":"2025-07-23T17:08:03","slug":"curso-lenceria-i","status":"publish","type":"product","link":"https:\/\/sartoriatelier.com\/es\/shop\/workshops\/curso-lenceria-i\/","title":{"rendered":"Curso Lencer\u00eda I"},"content":{"rendered":"<p>Curso de costura de lencer\u00eda donde aprender\u00e1s a coser tu propia lencer\u00eda.<\/p>\n<p>Temario:<br \/>\nAprender\u00e1s sobre toma de medidas, patrones y sus m\u00e1rgenes de costura, elecci\u00f3n de tallas y ajuste a tus medias.<br \/>\nCostura de telas de punto, medir su elasticidad, distintas puntadas, aplicaci\u00f3n de gomas, puntillas, tirantes y cierres de sujetador.<\/p>\n<p>Prendas:<br \/>\n&#8211; Conjunto de braguita (elige el modelo a tu estilo) y bralette en tul el\u00e1stico o algod\u00f3n<br \/>\n&#8211; Braga tipo coulotte o brasile\u00f1a de encaje<br \/>\n&#8211; Sujetador sin aros (Modelo Watson)<\/p>\n<p>No es necesario tener conocimientos previos de costura de lencer\u00eda ni de telas de punto. Pero s\u00ed, hace falta que sepas usar la m\u00e1quina de coser. Si nunca la has usado escr\u00edbeme y podemos organizar una clase de introducci\u00f3n a la costura.<\/p>\n<p>DURACI\u00d3N: 6 clases<br \/>\nMATERIALES: telas y gomas incluidas, es necesario comprar el patr\u00f3n Watson de sujetador sin aros que incluye braguita en su web (15\u20ac)<br \/>\nREQUISITOS: nivel b\u00e1sico de costura o curso de introducci\u00f3n a la costura<\/p>\n<p>Grupos reducidos 3-6 personas.<br \/>\nCarrer Sant Gil 17, metro Sant Antoni, Barcelona.<\/p>\n<p>Contacta por <a href=\"https:\/\/api.whatsapp.com\/send?phone=34611721706\">whatsapp<\/a> si quieres m\u00e1s informaci\u00f3n.<\/p>","protected":false},"excerpt":{"rendered":"<p>Curso de costura de lencer\u00eda en Barcelona.\u00a0 Aprender\u00e1s lo necesario para coser tu ropa interior a tu estilo.<\/p>","protected":false},"featured_media":2154,"comment_status":"open","ping_status":"closed","template":"","meta":{"_joinchat":[]},"product_brand":[],"product_cat":[58],"product_tag":[],"class_list":{"0":"post-2149","1":"product","2":"type-product","3":"status-publish","4":"has-post-thumbnail","6":"product_cat-workshops","8":"first","9":"instock","10":"purchasable","11":"product-type-simple"},"aioseo_notices":[],"_links":{"self":[{"href":"https:\/\/sartoriatelier.com\/es\/wp-json\/wp\/v2\/product\/2149","targetHints":{"allow":["GET"]}}],"collection":[{"href":"https:\/\/sartoriatelier.com\/es\/wp-json\/wp\/v2\/product"}],"about":[{"href":"https:\/\/sartoriatelier.com\/es\/wp-json\/wp\/v2\/types\/product"}],"replies":[{"embeddable":true,"href":"https:\/\/sartoriatelier.com\/es\/wp-json\/wp\/v2\/comments?post=2149"}],"wp:featuredmedia":[{"embeddable":true,"href":"https:\/\/sartoriatelier.com\/es\/wp-json\/wp\/v2\/media\/2154"}],"wp:attachment":[{"href":"https:\/\/sartoriatelier.com\/es\/wp-json\/wp\/v2\/media?parent=2149"}],"wp:term":[{"taxonomy":"product_brand","embeddable":true,"href":"https:\/\/sartoriatelier.com\/es\/wp-json\/wp\/v2\/product_brand?post=2149"},{"taxonomy":"product_cat","embeddable":true,"href":"https:\/\/sartoriatelier.com\/es\/wp-json\/wp\/v2\/product_cat?post=2149"},{"taxonomy":"product_tag","embeddable":true,"href":"https:\/\/sartoriatelier.com\/es\/wp-json\/wp\/v2\/product_tag?post=2149"}],"curies":[{"name":"wp","href":"https:\/\/api.w.org\/{rel}","templated":true}]}}