{"id":1617,"date":"2022-11-03T15:09:32","date_gmt":"2022-11-03T15:09:32","guid":{"rendered":"https:\/\/sartoriatelier.com\/?post_type=product&#038;p=1617"},"modified":"2026-04-06T09:56:46","modified_gmt":"2026-04-06T08:56:46","slug":"clases-de-costura-conjunto-de-encaje","status":"publish","type":"product","link":"https:\/\/sartoriatelier.com\/es\/shop\/workshops\/clases-de-costura-conjunto-de-encaje\/","title":{"rendered":"Clase de Conjunto de Lencer\u00eda de Encaje"},"content":{"rendered":"<p>Clase de costura de conjunto de lencer\u00eda de encaje. Aprender\u00e1s a hacer este bralette tipo tri\u00e1ngulo y una braguita que puede ser brasile\u00f1a de tirantes o tipo coulotte.<\/p>\n<p>Este modelo de sujetador es espec\u00edfico para tallas peque\u00f1as (copas A y B) ya que brinda poca sujeci\u00f3n para las copas m\u00e1s grandes.<\/p>\n<p>Usaremos blonda el\u00e1stica ( es una guarda de encaje de 15 a 20 cm de ancho con terminaci\u00f3n de encaje). Aprender\u00e1s a alinear la puntilla con el patr\u00f3n, a tener terminaciones bonitas y los secretos para coser el encaje sin problemas.<\/p>\n<p><strong>DURACI\u00d3N: 5 horas<\/strong><br \/>\n<strong>MATERIALES: incluidos<\/strong><br \/>\n<strong>REQUISITOS: nivel b\u00e1sico de costura<\/strong><\/p>\n<p>Grupos reducidos 3-6 personas.<\/p>\n<p>El <strong>workshop presencial<\/strong> es en mi atelier en Barcelona (metro Sant Antoni), con grupo reducido y dispondr\u00e1s de una m\u00e1quina solo para t\u00ed, o puedes traer la tuya si lo prefieres. Es aconsejable que traigas tus materiales de costura: alfileres, agujas, descosedor, cutter.<\/p>\n<p>\u00cbl <strong>Workshop Online<\/strong> es por videoconferencia por Zoom, con env\u00edo de materiales. Ap\u00fantate 10 d\u00edas antes para recibir un env\u00edo est\u00e1ndar. Si te apuntas last minute podr\u00e1s elegir la opci\u00f3n de env\u00edo urgente con un coste extra. Es necesario que dispongas de m\u00e1quina de coser y el programa Zoom instalado (en portatil o movil).<\/p>\n<p>Se realiza en viernes, s\u00e1bado o domingo, 5 horas (16 a 21hs).<\/p>\n<p>Las fechas son a convenir, repetimos el taller cada 1 o 2 meses.<\/p>\n<p>Contacta por <a href=\"https:\/\/api.whatsapp.com\/send?phone=34611721706\">Whatsapp<\/a> si quieres m\u00e1s informaci\u00f3n.<\/p>","protected":false},"excerpt":{"rendered":"<p>Aprende a coser tu conjunto de lencer\u00eda de encaje de bralette y braguita tipo coulotte o brasile\u00f1a de tiras.<br \/>\nGrupos reducidos 3-6 personas.<\/p>","protected":false},"featured_media":1618,"comment_status":"open","ping_status":"closed","template":"","meta":{"_joinchat":[]},"product_brand":[],"product_cat":[58],"product_tag":[],"class_list":{"0":"post-1617","1":"product","2":"type-product","3":"status-publish","4":"has-post-thumbnail","6":"product_cat-workshops","8":"first","9":"instock","10":"taxable","11":"shipping-taxable","12":"purchasable","13":"product-type-simple"},"aioseo_notices":[],"_links":{"self":[{"href":"https:\/\/sartoriatelier.com\/es\/wp-json\/wp\/v2\/product\/1617","targetHints":{"allow":["GET"]}}],"collection":[{"href":"https:\/\/sartoriatelier.com\/es\/wp-json\/wp\/v2\/product"}],"about":[{"href":"https:\/\/sartoriatelier.com\/es\/wp-json\/wp\/v2\/types\/product"}],"replies":[{"embeddable":true,"href":"https:\/\/sartoriatelier.com\/es\/wp-json\/wp\/v2\/comments?post=1617"}],"wp:featuredmedia":[{"embeddable":true,"href":"https:\/\/sartoriatelier.com\/es\/wp-json\/wp\/v2\/media\/1618"}],"wp:attachment":[{"href":"https:\/\/sartoriatelier.com\/es\/wp-json\/wp\/v2\/media?parent=1617"}],"wp:term":[{"taxonomy":"product_brand","embeddable":true,"href":"https:\/\/sartoriatelier.com\/es\/wp-json\/wp\/v2\/product_brand?post=1617"},{"taxonomy":"product_cat","embeddable":true,"href":"https:\/\/sartoriatelier.com\/es\/wp-json\/wp\/v2\/product_cat?post=1617"},{"taxonomy":"product_tag","embeddable":true,"href":"https:\/\/sartoriatelier.com\/es\/wp-json\/wp\/v2\/product_tag?post=1617"}],"curies":[{"name":"wp","href":"https:\/\/api.w.org\/{rel}","templated":true}]}}