{"id":1616,"date":"2022-11-03T15:05:33","date_gmt":"2022-11-03T15:05:33","guid":{"rendered":"https:\/\/sartoriatelier.com\/?post_type=product&#038;p=1616"},"modified":"2026-04-06T09:39:57","modified_gmt":"2026-04-06T08:39:57","slug":"clases-de-costura-conjunto-de-lenceria","status":"publish","type":"product","link":"https:\/\/sartoriatelier.com\/es\/shop\/workshops\/clases-de-costura-conjunto-de-lenceria\/","title":{"rendered":"Clases de Conjunto de Lencer\u00eda"},"content":{"rendered":"<p>Clase de costura de conjunto de lencer\u00eda donde aprender\u00e1s a coser un bralette (sujetador sin aros) y una braguita a juego.<\/p>\n<p>Esta clase es ideal para iniciarte en la costura de lencer\u00eda y te ayudar\u00e1 a mejorar tu t\u00e9cnica de costura.<\/p>\n<p>Puedes elegir entre 3 modelos de braguitas, para que sea a tu estilo. Pare el bralette hay un patr\u00f3n para copas grandes y otro para peque\u00f1as. Tambi\u00e9n podr\u00e1s elegir la tela , hay distintas opciones, como mesh o tul el\u00e1stico o algod\u00f3n si prefieres.<\/p>\n<p>No es necesario tener conocimientos previos de costura de lencer\u00eda ni de telas de punto. Pero s\u00ed hace falta que sepas usar la m\u00e1quina de coser. Si nunca la has usado escr\u00edbeme y podemos organizar una clase de introducci\u00f3n a la costura.<\/p>\n<p>Aprender\u00e1s sobre elasticidades y c\u00f3mo elegir tu talla, distintas puntadas, c\u00f3mo coser gomas o el\u00e1sticos y a coser tirantes y cierre.<\/p>\n<p>DURACI\u00d3N: 8.5 horas<br \/>\nMATERIALES: incluidos<br \/>\nREQUISITOS: nivel b\u00e1sico de costura o curso de introducci\u00f3n a la costura<\/p>\n<p>Grupos reducidos 3-6 personas.<\/p>\n<p>HORARIOS<\/p>\n<p>Intensivo presencial en Barcelona (s\u00e1bado o domingo) 8.5 horas (10.30-13.30 y 15.00 a 20.30hs).<br \/>\nOpci\u00f3n online (por videoconferencia) con env\u00edo de materiales. (en 3 clases de 2.5 horas, entre semana de 19 a 21.30hs).<br \/>\nLas fechas son a convenir, repetimos el taller cada 2 meses.<\/p>\n<p>Contacta por e-mail o <a href=\"https:\/\/api.whatsapp.com\/send?phone=34611721706\">whatsapp<\/a> si quieres m\u00e1s informaci\u00f3n.<\/p>","protected":false},"excerpt":{"rendered":"<p>Aprende a coser tu propia lencer\u00eda cosiendo un conjunto de bralette y braguita.<br \/>\nGrupos reducidos 3-6 personas.<\/p>","protected":false},"featured_media":2065,"comment_status":"open","ping_status":"closed","template":"","meta":{"_joinchat":[]},"product_brand":[],"product_cat":[58],"product_tag":[],"class_list":{"0":"post-1616","1":"product","2":"type-product","3":"status-publish","4":"has-post-thumbnail","6":"product_cat-workshops","8":"first","9":"instock","10":"taxable","11":"shipping-taxable","12":"purchasable","13":"product-type-simple"},"aioseo_notices":[],"_links":{"self":[{"href":"https:\/\/sartoriatelier.com\/es\/wp-json\/wp\/v2\/product\/1616","targetHints":{"allow":["GET"]}}],"collection":[{"href":"https:\/\/sartoriatelier.com\/es\/wp-json\/wp\/v2\/product"}],"about":[{"href":"https:\/\/sartoriatelier.com\/es\/wp-json\/wp\/v2\/types\/product"}],"replies":[{"embeddable":true,"href":"https:\/\/sartoriatelier.com\/es\/wp-json\/wp\/v2\/comments?post=1616"}],"wp:featuredmedia":[{"embeddable":true,"href":"https:\/\/sartoriatelier.com\/es\/wp-json\/wp\/v2\/media\/2065"}],"wp:attachment":[{"href":"https:\/\/sartoriatelier.com\/es\/wp-json\/wp\/v2\/media?parent=1616"}],"wp:term":[{"taxonomy":"product_brand","embeddable":true,"href":"https:\/\/sartoriatelier.com\/es\/wp-json\/wp\/v2\/product_brand?post=1616"},{"taxonomy":"product_cat","embeddable":true,"href":"https:\/\/sartoriatelier.com\/es\/wp-json\/wp\/v2\/product_cat?post=1616"},{"taxonomy":"product_tag","embeddable":true,"href":"https:\/\/sartoriatelier.com\/es\/wp-json\/wp\/v2\/product_tag?post=1616"}],"curies":[{"name":"wp","href":"https:\/\/api.w.org\/{rel}","templated":true}]}}