{"id":5038,"date":"2025-05-11T16:27:16","date_gmt":"2025-05-11T15:27:16","guid":{"rendered":"https:\/\/sartoriatelier.com\/?page_id=5038"},"modified":"2025-05-12T22:31:09","modified_gmt":"2025-05-12T21:31:09","slug":"tops","status":"publish","type":"page","link":"https:\/\/sartoriatelier.com\/es\/tops\/","title":{"rendered":"Tops"},"content":{"rendered":"<div class=\"wpb-content-wrapper\"><div  class=\"sec_row container\"><div class=\"vc_row wpb_row vc_row-fluid vc_custom_1745138897636\"><div class=\"wpb_column vc_column_container vc_col-sm-12 et-dark-column\"><div class=\"vc_column-inner\"><div class=\"wpb_wrapper\"><div class=\"vc_row wpb_row vc_inner vc_row-fluid max_width vc_custom_1745141146574 vc_row-has-fill\"><div class=\"wpb_column vc_column_container vc_col-sm-12 et-dark-column\"><div class=\"vc_column-inner\"><div class=\"wpb_wrapper\">\n\t<div class=\"wpb_text_column wpb_content_element\" >\n\t\t<div class=\"wpb_wrapper\">\n\t\t\t<div class=\"wpb_text_column wpb_content_element\">\n<div class=\"wpb_wrapper\">\n<h1 data-start=\"255\" data-end=\"471\">TOPS<\/h1>\n<p class=\"\" data-start=\"255\" data-end=\"471\">Nuestros tops artesanales no son solo lencer\u00eda. Son piezas \u00fanicas, pensadas para salir a la luz. Dise\u00f1os que visten el cuerpo con intenci\u00f3n y celebran la fuerza, la individualidad y la sensualidad de quien los lleva.<\/p>\n<p data-start=\"255\" data-end=\"471\">Puedes llevarlos como sujetador, como prenda exterior o debajo de una camisa transparente. Siempre a tu manera.<\/p>\n<p class=\"\" data-start=\"473\" data-end=\"671\">\n<\/div>\n<\/div>\n\n\t\t<\/div>\n\t<\/div>\n<div class=\"woocommerce columns-4\">\n<ul class=\"products row et-main-products hover-animation-zoom-jump et-shop-show-variations et-shop-hover-images show-rating\" data-columns=\"4\" data-mobile-columns=\"2\" data-navigation=\"true\" data-pagination=\"true\" data-layoutmode=\"packery\">\n<li class=\"item et-listing-style1 col-6 col-sm-6 col-md-4 col-lg-3 small_grid_5 product type-product post-5705 status-publish first instock product_cat-bralette product_cat-top product_tag-adjustable product_tag-atelier-collection product_tag-black product_tag-soft product_tag-velvet has-post-thumbnail taxable shipping-taxable purchasable product-type-variable\">\n\t<div class=\"product-inner animation fade\">\n\t\t<figure class=\"product_thumbnail et-image-hover\">  \n\t\t<a href=\"https:\/\/sartoriatelier.com\/es\/shop\/lenceria\/bralette\/boa-top-bralette-terciopelo\/\" title=\"Boa Top or Bralette &#8211; Velvet\"><img decoding=\"async\" width=\"1200\" height=\"1800\" src=\"https:\/\/sartoriatelier.com\/wp-content\/uploads\/2025\/10\/Boa_Nyx_Velvet_Black_side-2.webp\" class=\"main-image skip-lazy\" alt=\"Boa Top or Bralette - Velvet\" srcset=\"https:\/\/sartoriatelier.com\/wp-content\/uploads\/2025\/10\/Boa_Nyx_Velvet_Black_side-2.webp 1200w, https:\/\/sartoriatelier.com\/wp-content\/uploads\/2025\/10\/Boa_Nyx_Velvet_Black_side-2-200x300.webp 200w, https:\/\/sartoriatelier.com\/wp-content\/uploads\/2025\/10\/Boa_Nyx_Velvet_Black_side-2-683x1024.webp 683w, https:\/\/sartoriatelier.com\/wp-content\/uploads\/2025\/10\/Boa_Nyx_Velvet_Black_side-2-768x1152.webp 768w, https:\/\/sartoriatelier.com\/wp-content\/uploads\/2025\/10\/Boa_Nyx_Velvet_Black_side-2-1024x1536.webp 1024w, https:\/\/sartoriatelier.com\/wp-content\/uploads\/2025\/10\/Boa_Nyx_Velvet_Black_side-2-8x12.webp 8w, https:\/\/sartoriatelier.com\/wp-content\/uploads\/2025\/10\/Boa_Nyx_Velvet_Black_side-2-100x150.webp 100w\" sizes=\"(max-width: 1200px) 100vw, 1200px\" \/><img decoding=\"async\" width=\"1200\" height=\"1800\" src=\"https:\/\/sartoriatelier.com\/wp-content\/uploads\/2025\/10\/Boa_Nyx_Velvet_Black_back-2.webp\" class=\"product_thumbnail_hover\" alt=\"\" srcset=\"https:\/\/sartoriatelier.com\/wp-content\/uploads\/2025\/10\/Boa_Nyx_Velvet_Black_back-2.webp 1200w, https:\/\/sartoriatelier.com\/wp-content\/uploads\/2025\/10\/Boa_Nyx_Velvet_Black_back-2-200x300.webp 200w, https:\/\/sartoriatelier.com\/wp-content\/uploads\/2025\/10\/Boa_Nyx_Velvet_Black_back-2-683x1024.webp 683w, https:\/\/sartoriatelier.com\/wp-content\/uploads\/2025\/10\/Boa_Nyx_Velvet_Black_back-2-768x1152.webp 768w, https:\/\/sartoriatelier.com\/wp-content\/uploads\/2025\/10\/Boa_Nyx_Velvet_Black_back-2-1024x1536.webp 1024w, https:\/\/sartoriatelier.com\/wp-content\/uploads\/2025\/10\/Boa_Nyx_Velvet_Black_back-2-8x12.webp 8w, https:\/\/sartoriatelier.com\/wp-content\/uploads\/2025\/10\/Boa_Nyx_Velvet_Black_back-2-100x150.webp 100w\" sizes=\"(max-width: 1200px) 100vw, 1200px\" \/><\/a>\n\t\t\t\t<div class=\"actions-wrapper\">\n\t\t\t\t\t\t\t\t\t\t\t\t<a href=\"https:\/\/sartoriatelier.com\/es\/shop\/lenceria\/bralette\/boa-top-bralette-terciopelo\/\" title=\"Quick View\" data-product_id=\"5705\" class=\"et-quickview-btn et-tooltip product_type_variable\"><span class=\"text\">Quick View<\/span><span class=\"icon\"><span class=\"et-icon et-maximize-2\"><\/span><\/span><\/a>\t\t\t<\/div>\n\t<\/figure>\n\t<div class=\"caption\">\n\t\t<div class=\"product-title\">\n\t\t\t<h2><a class=\"product-link\" href=\"https:\/\/sartoriatelier.com\/es\/shop\/lenceria\/bralette\/boa-top-bralette-terciopelo\/\" title=\"Boa Top or Bralette &#8211; Velvet\">Boa Top o Bralette - Terciopelo<\/a><\/h2>\n\t\t\t\t\t<\/div>\n\t\t\n\t\t<div class=\"product_after_title\">\n\n\t\t\t<div class=\"product_after_shop_loop_price\">\n\t\t\t\t\n\t<span class=\"price\"><span class=\"woocommerce-Price-amount amount\"><bdi>85,00&nbsp;<span class=\"woocommerce-Price-currencySymbol\">&euro;<\/span><\/bdi><\/span><\/span>\n\t\t\t<\/div>\n\n\t\t\t<div class=\"product-excerpt\">\n\t\t\t\t<p data-start=\"627\" data-end=\"673\"><strong data-start=\"627\" data-end=\"671\">El terciopelo nunca hab\u00eda sido tan \u00edntimo<\/strong><\/p>\n<div class=\"et-pro-summary-top\">\n<div class=\"woocommerce-product-details__short-description\">\n<div class=\"entry-content\">\n<p>Top o bralette cruzado en terciopelo con escote en V profundo y tirantes ajustables en la espalda \u2014 suave, envolvente y de tacto irresistible.<\/p>\n<\/div>\n<\/div>\n<\/div>\n<p><!-- notionvc: 91410e49-d126-4175-adf5-113b38628adc --><\/p>\n<p><!-- notionvc: 9e60e8a5-f48f-42ea-a14a-4923e7e2da3c --><\/p>\n\t\t\t<\/div>\n\n\t\t\t<div class=\"after_shop_loop_actions\">\n\n\t\t\t\t<a href=\"https:\/\/sartoriatelier.com\/es\/shop\/lenceria\/bralette\/boa-top-bralette-terciopelo\/\" aria-describedby=\"woocommerce_loop_add_to_cart_link_describedby_5705\" data-quantity=\"1\" class=\"button product_type_variable add_to_cart_button\" data-product_id=\"5705\" data-product_sku=\"BR-BOA-VT-BK\" aria-label=\"Elige las opciones para \u201cBoa Top or Bralette - Velvet\u201d\" data-no-translation-aria-label=\"\" ><span class=\"text\" data-no-translation=\"\" data-trp-gettext=\"\">Seleccionar opciones<\/span><span class=\"icon et-icon et-shopping-bag\"><\/span><\/a>\t<span id=\"woocommerce_loop_add_to_cart_link_describedby_5705\" class=\"screen-reader-text\">\n\tEste producto tiene m\u00faltiples variantes. Las opciones se pueden elegir en la p\u00e1gina de producto\t<\/span>\n\t\t\t<\/div>\n\n\t\t<\/div>\n\n\t\t\n\t<\/div>\n\n\t<\/div>\n\n<\/li>\n<li class=\"item et-listing-style1 col-6 col-sm-6 col-md-4 col-lg-3 small_grid_5 product type-product post-4933 status-publish instock product_cat-top product_tag-burgundy product_tag-limited-edition product_tag-unique product_tag-velvet has-post-thumbnail taxable shipping-taxable purchasable product-type-simple\">\n\t<div class=\"product-inner animation fade\">\n\t\t<figure class=\"product_thumbnail et-image-hover\">  \n\t\t<a href=\"https:\/\/sartoriatelier.com\/es\/shop\/lenceria\/top\/top-vala-uva-tinta\/\" title=\"Vala top &#8211; burgundy velvet\"><img decoding=\"async\" width=\"1200\" height=\"1800\" src=\"https:\/\/sartoriatelier.com\/wp-content\/uploads\/2025\/04\/Vala_top_burgundy_front-1.webp\" class=\"main-image skip-lazy\" alt=\"Vala top - burgundy velvet\" srcset=\"https:\/\/sartoriatelier.com\/wp-content\/uploads\/2025\/04\/Vala_top_burgundy_front-1.webp 1200w, https:\/\/sartoriatelier.com\/wp-content\/uploads\/2025\/04\/Vala_top_burgundy_front-1-200x300.webp 200w, https:\/\/sartoriatelier.com\/wp-content\/uploads\/2025\/04\/Vala_top_burgundy_front-1-683x1024.webp 683w, https:\/\/sartoriatelier.com\/wp-content\/uploads\/2025\/04\/Vala_top_burgundy_front-1-768x1152.webp 768w, https:\/\/sartoriatelier.com\/wp-content\/uploads\/2025\/04\/Vala_top_burgundy_front-1-1024x1536.webp 1024w, https:\/\/sartoriatelier.com\/wp-content\/uploads\/2025\/04\/Vala_top_burgundy_front-1-8x12.webp 8w, https:\/\/sartoriatelier.com\/wp-content\/uploads\/2025\/04\/Vala_top_burgundy_front-1-100x150.webp 100w\" sizes=\"(max-width: 1200px) 100vw, 1200px\" \/><img decoding=\"async\" width=\"1200\" height=\"1800\" src=\"https:\/\/sartoriatelier.com\/wp-content\/uploads\/2025\/04\/Vala_top_burgundy_back-1.webp\" class=\"product_thumbnail_hover\" alt=\"\" srcset=\"https:\/\/sartoriatelier.com\/wp-content\/uploads\/2025\/04\/Vala_top_burgundy_back-1.webp 1200w, https:\/\/sartoriatelier.com\/wp-content\/uploads\/2025\/04\/Vala_top_burgundy_back-1-200x300.webp 200w, https:\/\/sartoriatelier.com\/wp-content\/uploads\/2025\/04\/Vala_top_burgundy_back-1-683x1024.webp 683w, https:\/\/sartoriatelier.com\/wp-content\/uploads\/2025\/04\/Vala_top_burgundy_back-1-768x1152.webp 768w, https:\/\/sartoriatelier.com\/wp-content\/uploads\/2025\/04\/Vala_top_burgundy_back-1-1024x1536.webp 1024w, https:\/\/sartoriatelier.com\/wp-content\/uploads\/2025\/04\/Vala_top_burgundy_back-1-8x12.webp 8w, https:\/\/sartoriatelier.com\/wp-content\/uploads\/2025\/04\/Vala_top_burgundy_back-1-100x150.webp 100w\" sizes=\"(max-width: 1200px) 100vw, 1200px\" \/><\/a>\n\t\t\t\t<div class=\"actions-wrapper\">\n\t\t\t\t\t\t\t\t\t\t\t\t<a href=\"https:\/\/sartoriatelier.com\/es\/shop\/lenceria\/top\/top-vala-uva-tinta\/\" title=\"Quick View\" data-product_id=\"4933\" class=\"et-quickview-btn et-tooltip product_type_simple\"><span class=\"text\">Quick View<\/span><span class=\"icon\"><span class=\"et-icon et-maximize-2\"><\/span><\/span><\/a>\t\t\t<\/div>\n\t<\/figure>\n\t<div class=\"caption\">\n\t\t<div class=\"product-title\">\n\t\t\t<h2><a class=\"product-link\" href=\"https:\/\/sartoriatelier.com\/es\/shop\/lenceria\/top\/top-vala-uva-tinta\/\" title=\"Vala top &#8211; burgundy velvet\">Vala top &#8211; burgundy velvet<\/a><\/h2>\n\t\t\t\t\t<\/div>\n\t\t\n\t\t<div class=\"product_after_title\">\n\n\t\t\t<div class=\"product_after_shop_loop_price\">\n\t\t\t\t\n\t<span class=\"price\"><span class=\"woocommerce-Price-amount amount\"><bdi>85,00&nbsp;<span class=\"woocommerce-Price-currencySymbol\">&euro;<\/span><\/bdi><\/span><\/span>\n\t\t\t<\/div>\n\n\t\t\t<div class=\"product-excerpt\">\n\t\t\t\t<p><strong>Suave presencia que impacta.<\/strong><\/p>\n<div class=\"et-pro-summary-top\">\n<div class=\"woocommerce-product-details__short-description\">\n<div class=\"entry-content\">\n<p>Su escote profundo en V y la cinta fina que cruza la cintura abrazan el cuerpo con precisi\u00f3n y sensualidad. El resultado: una silueta firme, segura, absolutamente presente.<\/p>\n<\/div>\n<\/div>\n<\/div>\n\t\t\t<\/div>\n\n\t\t\t<div class=\"after_shop_loop_actions\">\n\n\t\t\t\t<a href=\"\/es\/wp-json\/wp\/v2\/pages\/5038?add-to-cart=4933\" aria-describedby=\"woocommerce_loop_add_to_cart_link_describedby_4933\" data-quantity=\"1\" class=\"button product_type_simple add_to_cart_button ajax_add_to_cart\" data-product_id=\"4933\" data-product_sku=\"TP-VLA-TV-WN\" aria-label=\"A\u00f1adir al carrito: \u201cVala top - burgundy velvet\u201d\"  data-success_message=\"\u00abVala top - burgundy velvet\u00bb se ha a\u00f1adido a tu carrito\" role=\"button\" data-no-translation-aria-label=\"\" data-no-translation-data-success_message=\"\"><span class=\"text\" data-no-translation=\"\" data-trp-gettext=\"\">A\u00f1adir al carrito<\/span><span class=\"icon et-icon et-shopping-bag\"><\/span><\/a>\t<span id=\"woocommerce_loop_add_to_cart_link_describedby_4933\" class=\"screen-reader-text\">\n\t\t<\/span>\n\t\t\t<\/div>\n\n\t\t<\/div>\n\n\t\t\n\t<\/div>\n\n\t<\/div>\n\n<\/li><\/ul>\n<\/div><\/div><\/div><\/div><\/div><\/div><\/div><\/div><\/div><\/div><section class=\"vc_section vc_custom_1745141184064\"><div  class=\"sec_row container\"><div class=\"vc_row wpb_row vc_row-fluid\"><div class=\"wpb_column vc_column_container vc_col-sm-12 et-dark-column\"><div class=\"vc_column-inner\"><div class=\"wpb_wrapper\">\n\t<div class=\"wpb_text_column wpb_content_element\" >\n\t\t<div class=\"wpb_wrapper\">\n\t\t\t<h3 class=\"\" data-start=\"691\" data-end=\"723\">\u00bfBralette o top? T\u00fa decides.<\/h3>\n<p class=\"\" data-start=\"725\" data-end=\"842\">Todos los bralettes pueden llevarse como prenda exterior. Solo selecciona la opci\u00f3n <em data-start=\"809\" data-end=\"820\">con forro<\/em> al a\u00f1adir al carrito.<\/p>\n\n\t\t<\/div>\n\t<\/div>\n<\/div><\/div><\/div><\/div><\/div><div  class=\"sec_row container\"><div class=\"vc_row wpb_row vc_row-fluid\"><div class=\"wpb_column vc_column_container vc_col-sm-12 et-dark-column\"><div class=\"vc_column-inner\"><div class=\"wpb_wrapper\"><div class=\"woocommerce columns-4\"><\/div><\/div><\/div><\/div><\/div><\/div><\/section>\n<\/div>","protected":false},"excerpt":{"rendered":"TOPS Nuestros tops artesanales no son solo lencer\u00eda. Son piezas \u00fanicas, pensadas para salir a la luz. Dise\u00f1os que visten el cuerpo con intenci\u00f3n y celebran la fuerza, la individualidad y la sensualidad de quien los lleva. Puedes llevarlos como sujetador, como prenda exterior o debajo de una camisa transparente. [...]","protected":false},"author":1,"featured_media":0,"parent":0,"menu_order":0,"comment_status":"closed","ping_status":"closed","template":"","meta":{"_joinchat":[],"footnotes":""},"class_list":["post-5038","page","type-page","status-publish","hentry"],"aioseo_notices":[],"_links":{"self":[{"href":"https:\/\/sartoriatelier.com\/es\/wp-json\/wp\/v2\/pages\/5038","targetHints":{"allow":["GET"]}}],"collection":[{"href":"https:\/\/sartoriatelier.com\/es\/wp-json\/wp\/v2\/pages"}],"about":[{"href":"https:\/\/sartoriatelier.com\/es\/wp-json\/wp\/v2\/types\/page"}],"author":[{"embeddable":true,"href":"https:\/\/sartoriatelier.com\/es\/wp-json\/wp\/v2\/users\/1"}],"replies":[{"embeddable":true,"href":"https:\/\/sartoriatelier.com\/es\/wp-json\/wp\/v2\/comments?post=5038"}],"version-history":[{"count":6,"href":"https:\/\/sartoriatelier.com\/es\/wp-json\/wp\/v2\/pages\/5038\/revisions"}],"predecessor-version":[{"id":5064,"href":"https:\/\/sartoriatelier.com\/es\/wp-json\/wp\/v2\/pages\/5038\/revisions\/5064"}],"wp:attachment":[{"href":"https:\/\/sartoriatelier.com\/es\/wp-json\/wp\/v2\/media?parent=5038"}],"curies":[{"name":"wp","href":"https:\/\/api.w.org\/{rel}","templated":true}]}}